{"id":49,"date":"2024-07-23T16:29:28","date_gmt":"2024-07-23T14:29:28","guid":{"rendered":"https:\/\/tickets.lmc-emden.de\/agb\/"},"modified":"2025-10-16T11:29:53","modified_gmt":"2025-10-16T09:29:53","slug":"agb","status":"publish","type":"page","link":"https:\/\/tickets.lmc-emden.de\/en\/agb\/","title":{"rendered":"Terms and Conditions (General Terms and Conditions)"},"content":{"rendered":"\n<h2 class=\"wp-block-heading\">Pr\u00e4ambel<\/h2>\n\n\n\n<p>Die Fokken &amp; M\u00fcller GmbH &amp; Co. Musikvertriebs KG \u2013 nachfolgend&nbsp;<strong>&#8222;LMC&#8220; oder &#8222;LMC-Betreiber&#8220; oder &#8222;Betreiber&#8220;<\/strong>&nbsp;genannt \u2013<\/p>\n\n\n\n<p>verkauft Eintrittskarten f\u00fcr das Live Music Center Emden. Die LMC Betreiber haben f\u00fcr das Live Music Center Emden die Betriebsf\u00fchrung \u00fcbernommen. Dazu geh\u00f6ren die Vermietung des Live Music Center an Veranstalter und die Unterst\u00fctzung bei der Vermarktung der Veranstaltungen. Die Fokken &amp; M\u00fcller GmbH &amp; Co. Musikvertriebs KG ist Eigent\u00fcmerin des Live Music Center Emden. Alle Beteiligten wollen das kulturelle und gesellschaftliche Leben in der Region mit der Veranstaltungshalle bereichern. Die Besucher sollen im Live Music Center Emden eindrucksvolle Veranstaltungen erleben.<\/p>\n\n\n\n<p>1.  Geltungsbereich<br>F\u00fcr alle durch die LMC Betreiber abgeschlossenen Rechtsgesch\u00e4fte gelten ausschlie\u00dflich die hier vorliegenden Allgemeinen Gesch\u00e4ftsbedingungen, soweit nicht ausdr\u00fccklich etwas anderes schriftlich vereinbart wurde.<\/p>\n\n\n\n<p>2.  Vertragsabschluss<br>Die LMC Betreiber verkaufen die Tickets nur als Vorverkaufsstelle f\u00fcr den jeweiligen Veranstalter, d.h., vertragliche Beziehungen kommen ausschlie\u00dflich zwischen dem Inhaber des Tickets (Kunde) und dem jeweiligen Veranstalter zustande, es sei denn, die LMC Betreiber sind im Einzelfall selbst Veranstalter. Im \u00dcbrigen gelten die Allgemeinen Gesch\u00e4ftsbedingungen des jeweiligen Veranstaltungsorts und\/oder Veranstalters. Der Kunde kann die Tickets nur im eigenen Namen und auf eigene Rechnung erwerben. Soweit der Kunde Wiederverk\u00e4ufer ist und die Tickets weiter ver\u00e4u\u00dfert, handelt dieser nicht als Vertreter der LMC Betreiber.<\/p>\n\n\n\n<p>3.  Versand und Reservierung<br>Die Tickets werden dem Kunden nach fristgerechter Zahlung \u00fcbersandt. Das Versenden der Tickets erfolgt auf Risiko des Bestellers. Die LMC Betreiber behalten sich vor, die Auswahl des Transportunternehmens f\u00fcr die Tickets selbst zu w\u00e4hlen. Die LMC Betreiber sind weder bei Verlust auf dem Transportweg noch, wenn der Kunde seine Tickets verliert, zur Ersatzbeschaffung verpflichtet. Bei allen Schadensersatzanspr\u00fcchen haften die LMC Betreiber nur bei vors\u00e4tzlichem oder grob fahrl\u00e4ssigem Verhalten.<\/p>\n\n\n\n<p>4.  Zahlungsbedingungen des Zahlungsdienstleisters <strong>MOLLI B.V.<\/strong><\/p>\n\n\n\n<p>(1) Wir bieten Ihnen folgende Zahlungsmethoden an: [SEPA-\u00dcberweisung].<\/p>\n\n\n\n<p>(2) Die Abwicklung der Zahlungen erfolgt \u00fcber unseren externen Zahlungsdienstleister Mollie B.V. (im Folgenden &#8222;Mollie&#8220;). Mollie ist ein in den Niederlanden ans\u00e4ssiges und reguliertes Unternehmen, das Zahlungsdienste anbietet. Durch die Nutzung der von Mollie bereitgestellten Zahlungsmethoden erkl\u00e4ren Sie sich mit den Allgemeinen Gesch\u00e4ftsbedingungen (<a href=\"https:\/\/mollie.com\/terms\">https:\/\/mollie.com\/terms<\/a>) und Datenschutzbestimmungen (<a href=\"https:\/\/mollie.com\/privacy\">https:\/\/mollie.com\/privacy<\/a>) von Mollie einverstanden.<\/p>\n\n\n\n<p>4.1 Datenschutz des Zahlungsdienstleisters<\/p>\n\n\n\n<p>(1) Im Rahmen der Abwicklung von Zahlungen \u00fcber Mollie werden personenbezogene Daten an Mollie \u00fcbermittelt. Diese Daten umfassen unter anderem Ihren Namen, Ihre Adresse, Ihre E-Mail-Adresse sowie Zahlungsinformationen.<\/p>\n\n\n\n<p>(2) Mollie verarbeitet diese Daten gem\u00e4\u00df den geltenden Datenschutzbestimmungen und den Datenschutzrichtlinien von Mollie. Weitere Informationen finden Sie in der Datenschutzerkl\u00e4rung von Mollie unter [<a href=\"https:\/\/mollie.com\/privacy\">https:\/\/mollie.com\/privacy<\/a>].<\/p>\n\n\n\n<p>(3) Wir selbst speichern keine vollst\u00e4ndigen Zahlungsinformationen (z.B. Kreditkartennummern). Diese werden ausschlie\u00dflich von Mollie verarbeitet.<\/p>\n\n\n\n<p>4.2 Vertragsabschluss und Bestellvorgang<\/p>\n\n\n\n<p>(1) Der Vertrag kommt zustande, sobald Sie im Rahmen des Bestellprozesses auf unserer Webseite den Button &#8222;Kaufen&#8220; (o.\u00e4.) anklicken und die Bestellung abschlie\u00dfen.<\/p>\n\n\n\n<p>(2) Nach Abschluss des Bestellvorgangs erhalten Sie eine Best\u00e4tigungs-E-Mail mit einer \u00dcbersicht Ihrer Bestellung und weiteren Informationen zur Zahlung.<\/p>\n\n\n\n<p>(3) Die Zahlung erfolgt gem\u00e4\u00df der von Ihnen gew\u00e4hlten Zahlungsmethode \u00fcber Mollie.<\/p>\n\n\n\n<p>4.3 Widerrufsrecht und R\u00fcckerstattungen<\/p>\n\n\n\n<p>(1) Sie haben das Recht, Ihre Bestellung innerhalb von 14 Tagen ohne Angabe von Gr\u00fcnden zu widerrufen.<\/p>\n\n\n\n<p>(2) Im Falle eines Widerrufs wird der Kaufpreis einschlie\u00dflich der Versandkosten innerhalb von 14 Tagen nach Eingang Ihres Widerrufs und der R\u00fccksendung der Ware \u00fcber die urspr\u00fcnglich gew\u00e4hlte Zahlungsmethode erstattet. Die R\u00fcckerstattung erfolgt \u00fcber Mollie.<\/p>\n\n\n\n<p>5. Zahlungsbedingungen des Zahlungsdienstleisters <strong>PayPal<\/strong>.<br><br><strong>PayPal-Zahlungsbedingungen:<\/strong><br>Zahlungen erfolgen \u00fcber den Zahlungsdienstleister PayPal (Europe) S.\u00e0 r.l. et Cie, S.C.A., 22\u201324 Boulevard Royal, L-2449 Luxembourg.<br><br>Es gelten die Nutzungsbedingungen von PayPal, einsehbar unter:<br>\ud83d\udd17 <a>https:\/\/www.paypal.com\/de\/webapps\/mpp\/ua\/useragreement-full<\/a><\/p>\n\n\n\n<p>6. Veranstaltungsabsage und Haftung bei h\u00f6herer Gewalt<\/p>\n\n\n\n<p>(1) Der Veranstalter beh\u00e4lt sich das Recht vor, die Veranstaltung aus wichtigen Gr\u00fcnden, insbesondere bei h\u00f6herer Gewalt, abzusagen oder zu verschieben. H\u00f6here Gewalt umfasst alle Ereignisse, die au\u00dferhalb der Kontrolle des Veranstalters liegen und die Durchf\u00fchrung der Veranstaltung unm\u00f6glich oder unzumutbar machen. Dazu geh\u00f6ren insbesondere Naturkatastrophen, Epidemien, Pandemien, beh\u00f6rdliche Anordnungen, Krieg, Terroranschl\u00e4ge, Streiks und andere unvorhersehbare, schwerwiegende Ereignisse.<\/p>\n\n\n\n<p>(2) Im Falle einer Absage oder Verschiebung der Veranstaltung aufgrund h\u00f6herer Gewalt ist der Veranstalter nicht verpflichtet, Schadensersatz oder sonstige Entsch\u00e4digungen zu leisten. Der Veranstalter wird jedoch bem\u00fcht sein, einen Ersatztermin anzubieten. Sollte ein Ersatztermin nicht m\u00f6glich sein oder sollte der Kunde den Ersatztermin nicht wahrnehmen k\u00f6nnen, wird der gezahlte Ticketpreis zur\u00fcckerstattet.<\/p>\n\n\n\n<p>(3) Weitergehende Anspr\u00fcche des Kunden, insbesondere auf Erstattung von Reise- und \u00dcbernachtungskosten sowie auf entgangene Vergn\u00fcgungen oder sonstige Sch\u00e4den, sind ausgeschlossen.<\/p>\n\n\n\n<p>(4) Der Veranstalter wird den Kunden so fr\u00fch wie m\u00f6glich \u00fcber eine Absage oder Verschiebung der Veranstaltung informieren und die Modalit\u00e4ten der R\u00fcckerstattung oder des Ersatztermins mitteilen.<\/p>\n\n\n\n<p>7. Haftung<\/p>\n\n\n\n<p>(1) Wir haften f\u00fcr Sch\u00e4den nur bei Vorsatz und grober Fahrl\u00e4ssigkeit. Bei leichter Fahrl\u00e4ssigkeit haften wir nur f\u00fcr die Verletzung wesentlicher Vertragspflichten (Kardinalpflichten).<\/p>\n\n\n\n<p>(2) Die Haftung f\u00fcr Zahlungstransaktionen, die \u00fcber Mollie abgewickelt werden, liegt bei Mollie gem\u00e4\u00df deren Allgemeinen Gesch\u00e4ftsbedingungen und Datenschutzbestimmungen.<\/p>\n\n\n\n<p>8. Zus\u00e4tzliche Bestimmungen f\u00fcr Veranstaltungen im Live Music Center Emden<\/p>\n\n\n\n<p>F\u00fcr Veranstaltungen im Live Music Center gelten die Allgemeinen Gesch\u00e4ftsbedingungen der jeweiligen Veranstalter. Insbesondere gelten folgende Regelungen:<br><br>Bei Konzerten und sonstigen Veranstaltungen kann aufgrund der Lautst\u00e4rke die Gefahr von m\u00f6glichen H\u00f6r- und Gesundheitssch\u00e4den bestehen, f\u00fcr die der Veranstalter keinerlei Haftung \u00fcbernimmt.<br>Die Haftung f\u00fcr Sach- und K\u00f6rpersch\u00e4den ist ausgeschlossen.<br>Das Mitbringen von Flaschen, Glasbeh\u00e4ltern, Dosen, pyrotechnischen Gegenst\u00e4nden, wie z. B. Wunderkerzen, Fackeln sowie Waffen ist generell untersagt. Bei Nichteinhaltung erfolgt ein Verweis aus der Halle.<br>Das Mitbringen von Tonbandger\u00e4ten, Film- oder Videokameras ist grunds\u00e4tzlich nicht gestattet. Ton-, Film- und Videoaufnahmen \u2013 auch f\u00fcr den privaten Gebrauch \u2013 sind grunds\u00e4tzlich untersagt.<br>Bei einer Verlegung des Veranstaltungstermins oder einem Abbruch w\u00e4hrend der Veranstaltung hat der Kartenk\u00e4ufer keinen R\u00fcckerstattungsanspruch auf den Kaufpreis. Eine Zur\u00fccknahme der Eintrittskarten erfolgt ausschlie\u00dflich bei genereller Absage der Veranstaltung bis 2 Wochen nach dem Veranstaltungstermin bei der Kartenvorverkaufsstelle, bei der die Eintrittskarten erworben wurden. Die Vorverkaufsgeb\u00fchr wird in keinem Fall ersetzt.<br>Bei Verlassen der Halle verliert die Eintrittskarte ihre G\u00fcltigkeit.<br>Vertragliche Beziehungen kommen durch den Erwerb der Eintrittskarte ausschlie\u00dflich zwischen dem Erwerber und Inhaber der Eintrittskarte und dem Veranstalter zustande.<\/p>\n\n\n\n<p>9. Datenschutz und Datenverarbeitung<br><br>Die personenbezogenen Daten der Kunden werden unter Einhaltung des Datenschutzrechtes in dem f\u00fcr die Durchf\u00fchrung des Vertrages erforderlichen Umfang im automatisierten Verfahren erhoben, bearbeitet und genutzt. Die LMC Betreiber sind berechtigt, die Daten an nat\u00fcrliche oder juristische Personen weiterzugeben, die die LMC Betreiber mit dem Ticketvertrieb beauftragt haben, insbesondere an den jeweiligen Veranstalter. Solange der Kunde nicht widerspricht, sind die LMC Betreiber dar\u00fcber hinaus berechtigt, die erhaltenen Daten zur Beratung des Kunden, zur Werbung, Marktforschung f\u00fcr eigene Zwecke und zur bedarfsgerechten Gestaltung unsere Angebote zu erheben, zu verarbeiten und zu nutzen. Diese Einwilligung kann jederzeit ohne Angabe von Gr\u00fcnden widerrufen werden.<\/p>\n\n\n\n<p>10. Verf\u00fcgbarkeit der angebotenen Dienstleistungen<\/p>\n\n\n\n<p>(1) Das Live Music Center bem\u00fcht sich, den Kunden die angebotenen Tickets und sonstigen Dienstleistungen in diesem Ticketshop jederzeit und in vollem Umfang zur Verf\u00fcgung zu stellen. Das Live Music Center \u00fcbernimmt jedoch keine Haftung f\u00fcr die ununterbrochene Nutzbarkeit bzw. Erreichbarkeit der angebotenen Tickets und sonstigen Dienstleistungen sowie f\u00fcr \u00dcbertragungsverz\u00f6gerungen, Fehl\u00fcbertragungen oder Speicherausf\u00e4lle und die damit verbundenen Einschr\u00e4nkungen der angebotenen Produkte und sonstigen Dienstleistungen auf der Domain https:\/\/tickes.lmc-emden.de. Es wird ausdr\u00fccklich darauf hingewiesen, dass es im Zuge notwendiger Wartungsarbeiten an der Website zu einer vor\u00fcbergehenden Unterbrechung des Internetangebots und\/oder einzelner Dienste kommen kann.<br><br>(2) Das Live MusicCenter beh\u00e4lt sich ausdr\u00fccklich das Recht vor, die angebotenen Produkte und sonstigen Dienstleistungen jederzeit und ohne vorherige Ank\u00fcndigung ganz oder teilweise einzustellen und\/oder deren Verf\u00fcgbarkeit einzuschr\u00e4nken.<\/p>\n\n\n\n<p>11. Schlussklauseln<\/p>\n\n\n\n<p>Beim Erwerb von Tickets \u00fcber externe Online Ticket Portale gelten die jeweiligen AGB der Anbieter.<br>Sollten einzelne Punkte aus dieser Bedingung unwirksam sein oder werden, wird hierdurch die G\u00fcltigkeit des Vertrages im \u00dcbrigen nicht ber\u00fchrt. Es gilt ausschlie\u00dflich das Recht der Bundesrepublik Deutschland. Alleiniger Erf\u00fcllungsort f\u00fcr Lieferung, Leistung und Zahlung ist Emden.<\/p>\n\n\n\n<p>Sind beide Vertragsparteien Kaufleute, so ist ausschlie\u00dflicher Gerichtsstand f\u00fcr die sich aus dem Vertragsverh\u00e4ltnis unmittelbar oder mittelbar ergebenden Streitigkeiten Emden.<\/p>\n\n\n\n<p>Stand: 2025<br>Fokken &amp; M\u00fcller GmbH &amp; Co. Musikvertrieb KG<br>Am Eisenbahndock 9 \u2013 13<br>26725 Emden<\/p>\n","protected":false},"excerpt":{"rendered":"<p>Pr\u00e4ambel Die Fokken &amp; M\u00fcller GmbH &amp; Co. Musikvertriebs KG \u2013 nachfolgend&nbsp;&#8222;LMC&#8220; oder &#8222;LMC-Betreiber&#8220; oder &#8222;Betreiber&#8220;&nbsp;genannt \u2013 verkauft Eintrittskarten f\u00fcr [&hellip;]<\/p>\n","protected":false},"author":1,"featured_media":0,"parent":0,"menu_order":0,"comment_status":"closed","ping_status":"closed","template":"","meta":{"site-sidebar-layout":"default","site-content-layout":"","ast-site-content-layout":"default","site-content-style":"default","site-sidebar-style":"default","ast-global-header-display":"","ast-banner-title-visibility":"","ast-main-header-display":"","ast-hfb-above-header-display":"","ast-hfb-below-header-display":"","ast-hfb-mobile-header-display":"","site-post-title":"","ast-breadcrumbs-content":"","ast-featured-img":"","footer-sml-layout":"","ast-disable-related-posts":"","theme-transparent-header-meta":"","adv-header-id-meta":"","stick-header-meta":"","header-above-stick-meta":"","header-main-stick-meta":"","header-below-stick-meta":"","astra-migrate-meta-layouts":"default","ast-page-background-enabled":"default","ast-page-background-meta":{"desktop":{"background-color":"var(--ast-global-color-4)","background-image":"","background-repeat":"repeat","background-position":"center center","background-size":"auto","background-attachment":"scroll","background-type":"","background-media":"","overlay-type":"","overlay-color":"","overlay-opacity":"","overlay-gradient":""},"tablet":{"background-color":"","background-image":"","background-repeat":"repeat","background-position":"center center","background-size":"auto","background-attachment":"scroll","background-type":"","background-media":"","overlay-type":"","overlay-color":"","overlay-opacity":"","overlay-gradient":""},"mobile":{"background-color":"","background-image":"","background-repeat":"repeat","background-position":"center center","background-size":"auto","background-attachment":"scroll","background-type":"","background-media":"","overlay-type":"","overlay-color":"","overlay-opacity":"","overlay-gradient":""}},"ast-content-background-meta":{"desktop":{"background-color":"var(--ast-global-color-5)","background-image":"","background-repeat":"repeat","background-position":"center center","background-size":"auto","background-attachment":"scroll","background-type":"","background-media":"","overlay-type":"","overlay-color":"","overlay-opacity":"","overlay-gradient":""},"tablet":{"background-color":"var(--ast-global-color-5)","background-image":"","background-repeat":"repeat","background-position":"center center","background-size":"auto","background-attachment":"scroll","background-type":"","background-media":"","overlay-type":"","overlay-color":"","overlay-opacity":"","overlay-gradient":""},"mobile":{"background-color":"var(--ast-global-color-5)","background-image":"","background-repeat":"repeat","background-position":"center center","background-size":"auto","background-attachment":"scroll","background-type":"","background-media":"","overlay-type":"","overlay-color":"","overlay-opacity":"","overlay-gradient":""}},"footnotes":""},"class_list":["post-49","page","type-page","status-publish","hentry"],"yoast_head":"<!-- This site is optimized with the Yoast SEO plugin v27.4 - https:\/\/yoast.com\/product\/yoast-seo-wordpress\/ -->\n<title>AGB (Allgemeine Gesch\u00e4ftsbedingungen) - Live Music Center Emden (in Hinte, bei Emden)<\/title>\n<meta name=\"robots\" content=\"index, follow, max-snippet:-1, max-image-preview:large, max-video-preview:-1\" \/>\n<link rel=\"canonical\" href=\"https:\/\/tickets.lmc-emden.de\/en\/agb\/\" \/>\n<meta property=\"og:locale\" content=\"en_US\" \/>\n<meta property=\"og:type\" content=\"article\" \/>\n<meta property=\"og:title\" content=\"AGB (Allgemeine Gesch\u00e4ftsbedingungen) - Live Music Center Emden (in Hinte, bei Emden)\" \/>\n<meta property=\"og:description\" content=\"Pr\u00e4ambel Die Fokken &amp; M\u00fcller GmbH &amp; Co. Musikvertriebs KG \u2013 nachfolgend&nbsp;&#8222;LMC&#8220; oder &#8222;LMC-Betreiber&#8220; oder &#8222;Betreiber&#8220;&nbsp;genannt \u2013 verkauft Eintrittskarten f\u00fcr [&hellip;]\" \/>\n<meta property=\"og:url\" content=\"https:\/\/tickets.lmc-emden.de\/en\/agb\/\" \/>\n<meta property=\"og:site_name\" content=\"Live Music Center Emden (in Hinte, bei Emden)\" \/>\n<meta property=\"article:modified_time\" content=\"2025-10-16T09:29:53+00:00\" \/>\n<meta name=\"twitter:card\" content=\"summary_large_image\" \/>\n<meta name=\"twitter:label1\" content=\"Est. reading time\" \/>\n\t<meta name=\"twitter:data1\" content=\"8 minutes\" \/>\n<script type=\"application\/ld+json\" class=\"yoast-schema-graph\">{\"@context\":\"https:\\\/\\\/schema.org\",\"@graph\":[{\"@type\":\"WebPage\",\"@id\":\"https:\\\/\\\/tickets.lmc-emden.de\\\/agb\\\/\",\"url\":\"https:\\\/\\\/tickets.lmc-emden.de\\\/agb\\\/\",\"name\":\"AGB (Allgemeine Gesch\u00e4ftsbedingungen) - Live Music Center Emden (in Hinte, bei Emden)\",\"isPartOf\":{\"@id\":\"https:\\\/\\\/tickets.lmc-emden.de\\\/#website\"},\"datePublished\":\"2024-07-23T14:29:28+00:00\",\"dateModified\":\"2025-10-16T09:29:53+00:00\",\"breadcrumb\":{\"@id\":\"https:\\\/\\\/tickets.lmc-emden.de\\\/agb\\\/#breadcrumb\"},\"inLanguage\":\"en-US\",\"potentialAction\":[{\"@type\":\"ReadAction\",\"target\":[\"https:\\\/\\\/tickets.lmc-emden.de\\\/agb\\\/\"]}]},{\"@type\":\"BreadcrumbList\",\"@id\":\"https:\\\/\\\/tickets.lmc-emden.de\\\/agb\\\/#breadcrumb\",\"itemListElement\":[{\"@type\":\"ListItem\",\"position\":1,\"name\":\"Startseite\",\"item\":\"https:\\\/\\\/tickets.lmc-emden.de\\\/\"},{\"@type\":\"ListItem\",\"position\":2,\"name\":\"AGB (Allgemeine Gesch\u00e4ftsbedingungen)\"}]},{\"@type\":\"WebSite\",\"@id\":\"https:\\\/\\\/tickets.lmc-emden.de\\\/#website\",\"url\":\"https:\\\/\\\/tickets.lmc-emden.de\\\/\",\"name\":\"Live Music Center Emden (in Hinte, bei Emden)\",\"description\":\"Hier gibt es die Tickets.\",\"publisher\":{\"@id\":\"https:\\\/\\\/tickets.lmc-emden.de\\\/#organization\"},\"potentialAction\":[{\"@type\":\"SearchAction\",\"target\":{\"@type\":\"EntryPoint\",\"urlTemplate\":\"https:\\\/\\\/tickets.lmc-emden.de\\\/?s={search_term_string}\"},\"query-input\":{\"@type\":\"PropertyValueSpecification\",\"valueRequired\":true,\"valueName\":\"search_term_string\"}}],\"inLanguage\":\"en-US\"},{\"@type\":\"Organization\",\"@id\":\"https:\\\/\\\/tickets.lmc-emden.de\\\/#organization\",\"name\":\"Live Music Center Emden (in Hinte, bei Emden)\",\"url\":\"https:\\\/\\\/tickets.lmc-emden.de\\\/\",\"logo\":{\"@type\":\"ImageObject\",\"inLanguage\":\"en-US\",\"@id\":\"https:\\\/\\\/tickets.lmc-emden.de\\\/#\\\/schema\\\/logo\\\/image\\\/\",\"url\":\"https:\\\/\\\/tickets.lmc-emden.de\\\/wp-content\\\/uploads\\\/2024\\\/08\\\/Logo_LMC_Emden_240x110.jpg\",\"contentUrl\":\"https:\\\/\\\/tickets.lmc-emden.de\\\/wp-content\\\/uploads\\\/2024\\\/08\\\/Logo_LMC_Emden_240x110.jpg\",\"width\":240,\"height\":115,\"caption\":\"Live Music Center Emden (in Hinte, bei Emden)\"},\"image\":{\"@id\":\"https:\\\/\\\/tickets.lmc-emden.de\\\/#\\\/schema\\\/logo\\\/image\\\/\"}}]}<\/script>\n<!-- \/ Yoast SEO plugin. -->","yoast_head_json":{"title":"AGB (Allgemeine Gesch\u00e4ftsbedingungen) - Live Music Center Emden (in Hinte, bei Emden)","robots":{"index":"index","follow":"follow","max-snippet":"max-snippet:-1","max-image-preview":"max-image-preview:large","max-video-preview":"max-video-preview:-1"},"canonical":"https:\/\/tickets.lmc-emden.de\/en\/agb\/","og_locale":"en_US","og_type":"article","og_title":"AGB (Allgemeine Gesch\u00e4ftsbedingungen) - Live Music Center Emden (in Hinte, bei Emden)","og_description":"Pr\u00e4ambel Die Fokken &amp; M\u00fcller GmbH &amp; Co. Musikvertriebs KG \u2013 nachfolgend&nbsp;&#8222;LMC&#8220; oder &#8222;LMC-Betreiber&#8220; oder &#8222;Betreiber&#8220;&nbsp;genannt \u2013 verkauft Eintrittskarten f\u00fcr [&hellip;]","og_url":"https:\/\/tickets.lmc-emden.de\/en\/agb\/","og_site_name":"Live Music Center Emden (in Hinte, bei Emden)","article_modified_time":"2025-10-16T09:29:53+00:00","twitter_card":"summary_large_image","twitter_misc":{"Est. reading time":"8 minutes"},"schema":{"@context":"https:\/\/schema.org","@graph":[{"@type":"WebPage","@id":"https:\/\/tickets.lmc-emden.de\/agb\/","url":"https:\/\/tickets.lmc-emden.de\/agb\/","name":"AGB (Allgemeine Gesch\u00e4ftsbedingungen) - Live Music Center Emden (in Hinte, bei Emden)","isPartOf":{"@id":"https:\/\/tickets.lmc-emden.de\/#website"},"datePublished":"2024-07-23T14:29:28+00:00","dateModified":"2025-10-16T09:29:53+00:00","breadcrumb":{"@id":"https:\/\/tickets.lmc-emden.de\/agb\/#breadcrumb"},"inLanguage":"en-US","potentialAction":[{"@type":"ReadAction","target":["https:\/\/tickets.lmc-emden.de\/agb\/"]}]},{"@type":"BreadcrumbList","@id":"https:\/\/tickets.lmc-emden.de\/agb\/#breadcrumb","itemListElement":[{"@type":"ListItem","position":1,"name":"Startseite","item":"https:\/\/tickets.lmc-emden.de\/"},{"@type":"ListItem","position":2,"name":"AGB (Allgemeine Gesch\u00e4ftsbedingungen)"}]},{"@type":"WebSite","@id":"https:\/\/tickets.lmc-emden.de\/#website","url":"https:\/\/tickets.lmc-emden.de\/","name":"Live Music Center Emden (in Hinte, bei Emden)","description":"Get your tickets here.","publisher":{"@id":"https:\/\/tickets.lmc-emden.de\/#organization"},"potentialAction":[{"@type":"SearchAction","target":{"@type":"EntryPoint","urlTemplate":"https:\/\/tickets.lmc-emden.de\/?s={search_term_string}"},"query-input":{"@type":"PropertyValueSpecification","valueRequired":true,"valueName":"search_term_string"}}],"inLanguage":"en-US"},{"@type":"Organization","@id":"https:\/\/tickets.lmc-emden.de\/#organization","name":"Live Music Center Emden (in Hinte, bei Emden)","url":"https:\/\/tickets.lmc-emden.de\/","logo":{"@type":"ImageObject","inLanguage":"en-US","@id":"https:\/\/tickets.lmc-emden.de\/#\/schema\/logo\/image\/","url":"https:\/\/tickets.lmc-emden.de\/wp-content\/uploads\/2024\/08\/Logo_LMC_Emden_240x110.jpg","contentUrl":"https:\/\/tickets.lmc-emden.de\/wp-content\/uploads\/2024\/08\/Logo_LMC_Emden_240x110.jpg","width":240,"height":115,"caption":"Live Music Center Emden (in Hinte, bei Emden)"},"image":{"@id":"https:\/\/tickets.lmc-emden.de\/#\/schema\/logo\/image\/"}}]}},"_links":{"self":[{"href":"https:\/\/tickets.lmc-emden.de\/en\/wp-json\/wp\/v2\/pages\/49","targetHints":{"allow":["GET"]}}],"collection":[{"href":"https:\/\/tickets.lmc-emden.de\/en\/wp-json\/wp\/v2\/pages"}],"about":[{"href":"https:\/\/tickets.lmc-emden.de\/en\/wp-json\/wp\/v2\/types\/page"}],"author":[{"embeddable":true,"href":"https:\/\/tickets.lmc-emden.de\/en\/wp-json\/wp\/v2\/users\/1"}],"replies":[{"embeddable":true,"href":"https:\/\/tickets.lmc-emden.de\/en\/wp-json\/wp\/v2\/comments?post=49"}],"version-history":[{"count":6,"href":"https:\/\/tickets.lmc-emden.de\/en\/wp-json\/wp\/v2\/pages\/49\/revisions"}],"predecessor-version":[{"id":3685,"href":"https:\/\/tickets.lmc-emden.de\/en\/wp-json\/wp\/v2\/pages\/49\/revisions\/3685"}],"wp:attachment":[{"href":"https:\/\/tickets.lmc-emden.de\/en\/wp-json\/wp\/v2\/media?parent=49"}],"curies":[{"name":"wp","href":"https:\/\/api.w.org\/{rel}","templated":true}]}}