{"id":4269,"date":"2025-12-05T09:34:21","date_gmt":"2025-12-05T08:34:21","guid":{"rendered":"https:\/\/tickets.lmc-emden.de\/?page_id=4269"},"modified":"2025-12-05T10:09:26","modified_gmt":"2025-12-05T09:09:26","slug":"das-lmc-anfahrt","status":"publish","type":"page","link":"https:\/\/tickets.lmc-emden.de\/en\/das-lmc-anfahrt\/","title":{"rendered":"Das LMC"},"content":{"rendered":"<div data-elementor-type=\"wp-page\" data-elementor-id=\"4269\" class=\"elementor elementor-4269\">\n\t\t\t\t<div class=\"elementor-element elementor-element-78532e0 e-flex e-con-boxed e-con e-parent\" data-id=\"78532e0\" data-element_type=\"container\" data-e-type=\"container\">\n\t\t\t\t\t<div class=\"e-con-inner\">\n\t\t\t\t<div class=\"elementor-element elementor-element-6784acc elementor-widget elementor-widget-image\" data-id=\"6784acc\" data-element_type=\"widget\" data-e-type=\"widget\" data-widget_type=\"image.default\">\n\t\t\t\t<div class=\"elementor-widget-container\">\n\t\t\t\t\t\t\t\t\t\t\t\t\t\t\t<img decoding=\"async\" src=\"https:\/\/live-music-center.de\/wp-content\/uploads\/2024\/12\/live-music-center-emden-updraft-pre-smush-original.jpg\" title=\"\" alt=\"\" loading=\"lazy\" \/>\t\t\t\t\t\t\t\t\t\t\t\t\t\t\t<\/div>\n\t\t\t\t<\/div>\n\t\t\t\t\t<\/div>\n\t\t\t\t<\/div>\n\t\t<div class=\"elementor-element elementor-element-fe627bc e-flex e-con-boxed e-con e-parent\" data-id=\"fe627bc\" data-element_type=\"container\" data-e-type=\"container\">\n\t\t\t\t\t<div class=\"e-con-inner\">\n\t\t\t\t<div class=\"elementor-element elementor-element-af88021 elementor-widget elementor-widget-text-editor\" data-id=\"af88021\" data-element_type=\"widget\" data-e-type=\"widget\" data-widget_type=\"text-editor.default\">\n\t\t\t\t<div class=\"elementor-widget-container\">\n\t\t\t\t\t\t\t\t\t<p>Das\u00a0<strong>LIVE MUSIC CENTER (LMC)<\/strong>\u00a0in Hinte (bei Emden) ist das neue Mekka f\u00fcr Musikfans aus ganz Norddeutschland und dar\u00fcber hinaus. <br \/>Mit einem flexiblen Fassungsverm\u00f6gen von bis zu 1000 Besuchern, seiner Multifunktionsausstattung und seiner gro\u00dfartigen Athmosph\u00e4re bietet das LMC die perfekte Kulisse f\u00fcr Musikveranstaltungen mit gro\u00dfen und angesagten Bands und Interpreten aus Rock, Blues, Jazz und Pop. <br \/>Dabei werden dank der ausgezeichneten Kontakte des LMC-Managements aktuelle Chartst\u00fcrmer ebenso zu h\u00f6ren sein wie altbekannte und immer wieder gern geh\u00f6rte Haudegen oder die besten Tribute-Bands der Republik. <br \/>Und auch die lokale Szene kommt zu ihrem Recht \u2013 als special guests sind heimische Bands bei den Konzerten vertreten.<\/p><p><b>Events &amp; Messen<\/b><br \/>Neben regelm\u00e4\u00dfigen Konzerten geh\u00f6ren auch andere Events zum festen Bestandteil des Programms im LMC \u2013 von der Comedy- und Kabarettveranstaltungen \u00fcber Messen bis zum Musiker-Workshop darf kr\u00e4ftig und ausgelassen getagt und informiert werden.<\/p>\t\t\t\t\t\t\t\t<\/div>\n\t\t\t\t<\/div>\n\t\t\t\t<div class=\"elementor-element elementor-element-28741f6 elementor-widget elementor-widget-text-editor\" data-id=\"28741f6\" data-element_type=\"widget\" data-e-type=\"widget\" data-widget_type=\"text-editor.default\">\n\t\t\t\t<div class=\"elementor-widget-container\">\n\t\t\t\t\t\t\t\t\t<div class=\"gt-site-inner\"><div class=\"container\"><div class=\"row\"><div class=\"col-md-12 col-sm-12 col-xs-12 gt-site-left gt-full-width-site\"><div class=\"gt-page-content post-4003 page type-page status-publish hentry\"><div class=\"gt-content\"><h1>ANFAHRT<\/h1><h3>Mit dem Auto:<\/h3><p><strong>Adresse:<\/strong><\/p><p>Live Music Center Emden<br \/>Gewerbestrasse 13<br \/>26759 Hinte (bei Emden)<br \/><br \/><strong>ACHTUNG, SCHILD FEHLT!<\/strong><br \/>Leider ist derzeit kein Hinweisschild an der Stra\u00dfe vorhanden.<br \/><br \/>Biegen Sie bitte in die Gewerbestra\u00dfe zwischen dem &#8222;Combi-Verbauchermarkt&#8220; und dem &#8222;Hotel Novum&#8220; ein und fahren sie diese ganz durch, bis Sie das LMC linksseitig erreichen.\u00a0<\/p><h3>Mit der Bahn:<\/h3><p>Fahren Sie mit IC, ICE oder Regionalbahn nach Emden (Hauptbahnhof\/HBF) und anschlie\u00dfend mit dem Bus oder Taxi nach Hinte.<\/p><h3>Mit dem Bus:<\/h3><p>Die Linien 421 und 410 (Pewsum, Greetsiel) fahren vom Emder Hauptbahnhof am ZOB ab und halten \u201eAm Hinter Tief\u201c oder \u201eDrosselweg\u201c.<br \/>Der Rest muss zu Fu\u00df gegangen werden.<\/p><h3>Shuttleservice:<\/h3><p>Zu den meisten Veranstaltungen bietet der \u201eLMC-Shuttleservice\u201c eigene Taxen\/Shuttles an.<\/p><p>Anfragen und Buchungen beim Fahrer Christian Schmidt.<\/p><p><strong>Telefon:<\/strong>\u00a001525 3738512<br \/><strong>E-Mail:<\/strong>\u00a0<a href=\"mailto:christianschmidt0608@gmail.com\">christianschmidt0608@gmail.com<\/a><\/p><\/div><\/div><\/div><\/div><\/div><\/div><footer class=\"gt-footer gt-style-1\"><div class=\"container\"><div class=\"gt-footer-content\"><div class=\"vc_row wpb_row vc_row-fluid gt-background-position-initial gt-background-attachment-initial gt-overflow-hidden gt-text-default\"><div class=\"wpb_column vc_column_container vc_col-sm-12 vc_col-lg-4 vc_col-md-4 vc_col-xs-12\"><div class=\"vc_column-inner\"><div class=\"wpb_wrapper\"><div class=\"gt-contact-box\"><div class=\"gt-item gt-address\">\u00a0<\/div><div class=\"gt-item gt-email\"><a href=\"mailto:info@live-music-center.de\">info@live-music-center.de<\/a><\/div><div class=\"gt-item gt-phone\"><a href=\"tel:++494921978900\">+49 4921 97 89 00<\/a><\/div><\/div><div class=\"gt-social-links-element gt-style-6\">\u00a0<\/div><\/div><\/div><\/div><div class=\"wpb_column vc_column_container vc_col-sm-12 vc_col-lg-4 vc_col-md-4 vc_col-xs-12\"><div class=\"vc_column-inner\"><div class=\"wpb_wrapper\"><div class=\"gt-heading gt-white gt-size2 gt-align-left\">\u00a0<\/div><\/div><\/div><\/div><\/div><\/div><\/div><\/footer>\t\t\t\t\t\t\t\t<\/div>\n\t\t\t\t<\/div>\n\t\t\t\t\t<\/div>\n\t\t\t\t<\/div>\n\t\t<div class=\"elementor-element elementor-element-47e48aa e-flex e-con-boxed e-con e-parent\" data-id=\"47e48aa\" data-element_type=\"container\" data-e-type=\"container\">\n\t\t\t\t\t<div class=\"e-con-inner\">\n\t\t\t\t<div class=\"elementor-element elementor-element-9d1c04b elementor-widget elementor-widget-google_maps\" data-id=\"9d1c04b\" data-element_type=\"widget\" data-e-type=\"widget\" data-widget_type=\"google_maps.default\">\n\t\t\t\t<div class=\"elementor-widget-container\">\n\t\t\t\t\t\t\t<div class=\"elementor-custom-embed\">\n\t\t\t<iframe loading=\"lazy\"\n\t\t\t\t\tsrc=\"https:\/\/maps.google.com\/maps?q=Gewerbestra%C3%9Fe%2013%2C%2026759%20Hinte&#038;t=m&#038;z=12&#038;output=embed&#038;iwloc=near\"\n\t\t\t\t\ttitle=\"Gewerbestra\u00dfe 13, 26759 Hinte\"\n\t\t\t\t\taria-label=\"Gewerbestra\u00dfe 13, 26759 Hinte\"\n\t\t\t><\/iframe>\n\t\t<\/div>\n\t\t\t\t\t\t<\/div>\n\t\t\t\t<\/div>\n\t\t\t\t\t<\/div>\n\t\t\t\t<\/div>\n\t\t\t\t<\/div>","protected":false},"excerpt":{"rendered":"<p>Das\u00a0LIVE MUSIC CENTER (LMC)\u00a0in Hinte (bei Emden) ist das neue Mekka f\u00fcr Musikfans aus ganz Norddeutschland und dar\u00fcber hinaus. Mit [&hellip;]<\/p>\n","protected":false},"author":1,"featured_media":0,"parent":0,"menu_order":0,"comment_status":"closed","ping_status":"closed","template":"","meta":{"site-sidebar-layout":"no-sidebar","site-content-layout":"","ast-site-content-layout":"full-width-container","site-content-style":"default","site-sidebar-style":"default","ast-global-header-display":"","ast-banner-title-visibility":"","ast-main-header-display":"","ast-hfb-above-header-display":"","ast-hfb-below-header-display":"","ast-hfb-mobile-header-display":"","site-post-title":"","ast-breadcrumbs-content":"","ast-featured-img":"disabled","footer-sml-layout":"","ast-disable-related-posts":"","theme-transparent-header-meta":"","adv-header-id-meta":"","stick-header-meta":"","header-above-stick-meta":"","header-main-stick-meta":"","header-below-stick-meta":"","astra-migrate-meta-layouts":"default","ast-page-background-enabled":"default","ast-page-background-meta":{"desktop":{"background-color":"var(--ast-global-color-4)","background-image":"","background-repeat":"repeat","background-position":"center center","background-size":"auto","background-attachment":"scroll","background-type":"","background-media":"","overlay-type":"","overlay-color":"","overlay-opacity":"","overlay-gradient":""},"tablet":{"background-color":"","background-image":"","background-repeat":"repeat","background-position":"center center","background-size":"auto","background-attachment":"scroll","background-type":"","background-media":"","overlay-type":"","overlay-color":"","overlay-opacity":"","overlay-gradient":""},"mobile":{"background-color":"","background-image":"","background-repeat":"repeat","background-position":"center center","background-size":"auto","background-attachment":"scroll","background-type":"","background-media":"","overlay-type":"","overlay-color":"","overlay-opacity":"","overlay-gradient":""}},"ast-content-background-meta":{"desktop":{"background-color":"var(--ast-global-color-5)","background-image":"","background-repeat":"repeat","background-position":"center center","background-size":"auto","background-attachment":"scroll","background-type":"","background-media":"","overlay-type":"","overlay-color":"","overlay-opacity":"","overlay-gradient":""},"tablet":{"background-color":"var(--ast-global-color-5)","background-image":"","background-repeat":"repeat","background-position":"center center","background-size":"auto","background-attachment":"scroll","background-type":"","background-media":"","overlay-type":"","overlay-color":"","overlay-opacity":"","overlay-gradient":""},"mobile":{"background-color":"var(--ast-global-color-5)","background-image":"","background-repeat":"repeat","background-position":"center center","background-size":"auto","background-attachment":"scroll","background-type":"","background-media":"","overlay-type":"","overlay-color":"","overlay-opacity":"","overlay-gradient":""}},"footnotes":""},"class_list":["post-4269","page","type-page","status-publish","hentry"],"yoast_head":"<!-- This site is optimized with the Yoast SEO plugin v27.4 - https:\/\/yoast.com\/product\/yoast-seo-wordpress\/ -->\n<title>Das LMC - Live Music Center Emden (in Hinte, bei Emden)<\/title>\n<meta name=\"robots\" content=\"index, follow, max-snippet:-1, max-image-preview:large, max-video-preview:-1\" \/>\n<link rel=\"canonical\" href=\"https:\/\/tickets.lmc-emden.de\/en\/das-lmc-anfahrt\/\" \/>\n<meta property=\"og:locale\" content=\"en_US\" \/>\n<meta property=\"og:type\" content=\"article\" \/>\n<meta property=\"og:title\" content=\"Das LMC - Live Music Center Emden (in Hinte, bei Emden)\" \/>\n<meta property=\"og:description\" content=\"Das\u00a0LIVE MUSIC CENTER (LMC)\u00a0in Hinte (bei Emden) ist das neue Mekka f\u00fcr Musikfans aus ganz Norddeutschland und dar\u00fcber hinaus. Mit [&hellip;]\" \/>\n<meta property=\"og:url\" content=\"https:\/\/tickets.lmc-emden.de\/en\/das-lmc-anfahrt\/\" \/>\n<meta property=\"og:site_name\" content=\"Live Music Center Emden (in Hinte, bei Emden)\" \/>\n<meta property=\"article:modified_time\" content=\"2025-12-05T09:09:26+00:00\" \/>\n<meta property=\"og:image\" content=\"https:\/\/live-music-center.de\/wp-content\/uploads\/2024\/12\/live-music-center-emden-updraft-pre-smush-original.jpg\" \/>\n<meta name=\"twitter:card\" content=\"summary_large_image\" \/>\n<meta name=\"twitter:label1\" content=\"Est. reading time\" \/>\n\t<meta name=\"twitter:data1\" content=\"2 minutes\" \/>\n<script type=\"application\/ld+json\" class=\"yoast-schema-graph\">{\"@context\":\"https:\\\/\\\/schema.org\",\"@graph\":[{\"@type\":\"WebPage\",\"@id\":\"https:\\\/\\\/tickets.lmc-emden.de\\\/das-lmc-anfahrt\\\/\",\"url\":\"https:\\\/\\\/tickets.lmc-emden.de\\\/das-lmc-anfahrt\\\/\",\"name\":\"Das LMC - Live Music Center Emden (in Hinte, bei Emden)\",\"isPartOf\":{\"@id\":\"https:\\\/\\\/tickets.lmc-emden.de\\\/#website\"},\"primaryImageOfPage\":{\"@id\":\"https:\\\/\\\/tickets.lmc-emden.de\\\/das-lmc-anfahrt\\\/#primaryimage\"},\"image\":{\"@id\":\"https:\\\/\\\/tickets.lmc-emden.de\\\/das-lmc-anfahrt\\\/#primaryimage\"},\"thumbnailUrl\":\"https:\\\/\\\/live-music-center.de\\\/wp-content\\\/uploads\\\/2024\\\/12\\\/live-music-center-emden-updraft-pre-smush-original.jpg\",\"datePublished\":\"2025-12-05T08:34:21+00:00\",\"dateModified\":\"2025-12-05T09:09:26+00:00\",\"breadcrumb\":{\"@id\":\"https:\\\/\\\/tickets.lmc-emden.de\\\/das-lmc-anfahrt\\\/#breadcrumb\"},\"inLanguage\":\"en-US\",\"potentialAction\":[{\"@type\":\"ReadAction\",\"target\":[\"https:\\\/\\\/tickets.lmc-emden.de\\\/das-lmc-anfahrt\\\/\"]}]},{\"@type\":\"ImageObject\",\"inLanguage\":\"en-US\",\"@id\":\"https:\\\/\\\/tickets.lmc-emden.de\\\/das-lmc-anfahrt\\\/#primaryimage\",\"url\":\"https:\\\/\\\/live-music-center.de\\\/wp-content\\\/uploads\\\/2024\\\/12\\\/live-music-center-emden-updraft-pre-smush-original.jpg\",\"contentUrl\":\"https:\\\/\\\/live-music-center.de\\\/wp-content\\\/uploads\\\/2024\\\/12\\\/live-music-center-emden-updraft-pre-smush-original.jpg\"},{\"@type\":\"BreadcrumbList\",\"@id\":\"https:\\\/\\\/tickets.lmc-emden.de\\\/das-lmc-anfahrt\\\/#breadcrumb\",\"itemListElement\":[{\"@type\":\"ListItem\",\"position\":1,\"name\":\"Startseite\",\"item\":\"https:\\\/\\\/tickets.lmc-emden.de\\\/\"},{\"@type\":\"ListItem\",\"position\":2,\"name\":\"Das LMC\"}]},{\"@type\":\"WebSite\",\"@id\":\"https:\\\/\\\/tickets.lmc-emden.de\\\/#website\",\"url\":\"https:\\\/\\\/tickets.lmc-emden.de\\\/\",\"name\":\"Live Music Center Emden (in Hinte, bei Emden)\",\"description\":\"Hier gibt es die Tickets.\",\"publisher\":{\"@id\":\"https:\\\/\\\/tickets.lmc-emden.de\\\/#organization\"},\"potentialAction\":[{\"@type\":\"SearchAction\",\"target\":{\"@type\":\"EntryPoint\",\"urlTemplate\":\"https:\\\/\\\/tickets.lmc-emden.de\\\/?s={search_term_string}\"},\"query-input\":{\"@type\":\"PropertyValueSpecification\",\"valueRequired\":true,\"valueName\":\"search_term_string\"}}],\"inLanguage\":\"en-US\"},{\"@type\":\"Organization\",\"@id\":\"https:\\\/\\\/tickets.lmc-emden.de\\\/#organization\",\"name\":\"Live Music Center Emden (in Hinte, bei Emden)\",\"url\":\"https:\\\/\\\/tickets.lmc-emden.de\\\/\",\"logo\":{\"@type\":\"ImageObject\",\"inLanguage\":\"en-US\",\"@id\":\"https:\\\/\\\/tickets.lmc-emden.de\\\/#\\\/schema\\\/logo\\\/image\\\/\",\"url\":\"https:\\\/\\\/tickets.lmc-emden.de\\\/wp-content\\\/uploads\\\/2024\\\/08\\\/Logo_LMC_Emden_240x110.jpg\",\"contentUrl\":\"https:\\\/\\\/tickets.lmc-emden.de\\\/wp-content\\\/uploads\\\/2024\\\/08\\\/Logo_LMC_Emden_240x110.jpg\",\"width\":240,\"height\":115,\"caption\":\"Live Music Center Emden (in Hinte, bei Emden)\"},\"image\":{\"@id\":\"https:\\\/\\\/tickets.lmc-emden.de\\\/#\\\/schema\\\/logo\\\/image\\\/\"}}]}<\/script>\n<!-- \/ Yoast SEO plugin. -->","yoast_head_json":{"title":"Das LMC - Live Music Center Emden (in Hinte, bei Emden)","robots":{"index":"index","follow":"follow","max-snippet":"max-snippet:-1","max-image-preview":"max-image-preview:large","max-video-preview":"max-video-preview:-1"},"canonical":"https:\/\/tickets.lmc-emden.de\/en\/das-lmc-anfahrt\/","og_locale":"en_US","og_type":"article","og_title":"Das LMC - Live Music Center Emden (in Hinte, bei Emden)","og_description":"Das\u00a0LIVE MUSIC CENTER (LMC)\u00a0in Hinte (bei Emden) ist das neue Mekka f\u00fcr Musikfans aus ganz Norddeutschland und dar\u00fcber hinaus. Mit [&hellip;]","og_url":"https:\/\/tickets.lmc-emden.de\/en\/das-lmc-anfahrt\/","og_site_name":"Live Music Center Emden (in Hinte, bei Emden)","article_modified_time":"2025-12-05T09:09:26+00:00","og_image":[{"url":"https:\/\/live-music-center.de\/wp-content\/uploads\/2024\/12\/live-music-center-emden-updraft-pre-smush-original.jpg","type":"","width":"","height":""}],"twitter_card":"summary_large_image","twitter_misc":{"Est. reading time":"2 minutes"},"schema":{"@context":"https:\/\/schema.org","@graph":[{"@type":"WebPage","@id":"https:\/\/tickets.lmc-emden.de\/das-lmc-anfahrt\/","url":"https:\/\/tickets.lmc-emden.de\/das-lmc-anfahrt\/","name":"Das LMC - Live Music Center Emden (in Hinte, bei Emden)","isPartOf":{"@id":"https:\/\/tickets.lmc-emden.de\/#website"},"primaryImageOfPage":{"@id":"https:\/\/tickets.lmc-emden.de\/das-lmc-anfahrt\/#primaryimage"},"image":{"@id":"https:\/\/tickets.lmc-emden.de\/das-lmc-anfahrt\/#primaryimage"},"thumbnailUrl":"https:\/\/live-music-center.de\/wp-content\/uploads\/2024\/12\/live-music-center-emden-updraft-pre-smush-original.jpg","datePublished":"2025-12-05T08:34:21+00:00","dateModified":"2025-12-05T09:09:26+00:00","breadcrumb":{"@id":"https:\/\/tickets.lmc-emden.de\/das-lmc-anfahrt\/#breadcrumb"},"inLanguage":"en-US","potentialAction":[{"@type":"ReadAction","target":["https:\/\/tickets.lmc-emden.de\/das-lmc-anfahrt\/"]}]},{"@type":"ImageObject","inLanguage":"en-US","@id":"https:\/\/tickets.lmc-emden.de\/das-lmc-anfahrt\/#primaryimage","url":"https:\/\/live-music-center.de\/wp-content\/uploads\/2024\/12\/live-music-center-emden-updraft-pre-smush-original.jpg","contentUrl":"https:\/\/live-music-center.de\/wp-content\/uploads\/2024\/12\/live-music-center-emden-updraft-pre-smush-original.jpg"},{"@type":"BreadcrumbList","@id":"https:\/\/tickets.lmc-emden.de\/das-lmc-anfahrt\/#breadcrumb","itemListElement":[{"@type":"ListItem","position":1,"name":"Startseite","item":"https:\/\/tickets.lmc-emden.de\/"},{"@type":"ListItem","position":2,"name":"Das LMC"}]},{"@type":"WebSite","@id":"https:\/\/tickets.lmc-emden.de\/#website","url":"https:\/\/tickets.lmc-emden.de\/","name":"Live Music Center Emden (in Hinte, bei Emden)","description":"Get your tickets here.","publisher":{"@id":"https:\/\/tickets.lmc-emden.de\/#organization"},"potentialAction":[{"@type":"SearchAction","target":{"@type":"EntryPoint","urlTemplate":"https:\/\/tickets.lmc-emden.de\/?s={search_term_string}"},"query-input":{"@type":"PropertyValueSpecification","valueRequired":true,"valueName":"search_term_string"}}],"inLanguage":"en-US"},{"@type":"Organization","@id":"https:\/\/tickets.lmc-emden.de\/#organization","name":"Live Music Center Emden (in Hinte, bei Emden)","url":"https:\/\/tickets.lmc-emden.de\/","logo":{"@type":"ImageObject","inLanguage":"en-US","@id":"https:\/\/tickets.lmc-emden.de\/#\/schema\/logo\/image\/","url":"https:\/\/tickets.lmc-emden.de\/wp-content\/uploads\/2024\/08\/Logo_LMC_Emden_240x110.jpg","contentUrl":"https:\/\/tickets.lmc-emden.de\/wp-content\/uploads\/2024\/08\/Logo_LMC_Emden_240x110.jpg","width":240,"height":115,"caption":"Live Music Center Emden (in Hinte, bei Emden)"},"image":{"@id":"https:\/\/tickets.lmc-emden.de\/#\/schema\/logo\/image\/"}}]}},"_links":{"self":[{"href":"https:\/\/tickets.lmc-emden.de\/en\/wp-json\/wp\/v2\/pages\/4269","targetHints":{"allow":["GET"]}}],"collection":[{"href":"https:\/\/tickets.lmc-emden.de\/en\/wp-json\/wp\/v2\/pages"}],"about":[{"href":"https:\/\/tickets.lmc-emden.de\/en\/wp-json\/wp\/v2\/types\/page"}],"author":[{"embeddable":true,"href":"https:\/\/tickets.lmc-emden.de\/en\/wp-json\/wp\/v2\/users\/1"}],"replies":[{"embeddable":true,"href":"https:\/\/tickets.lmc-emden.de\/en\/wp-json\/wp\/v2\/comments?post=4269"}],"version-history":[{"count":10,"href":"https:\/\/tickets.lmc-emden.de\/en\/wp-json\/wp\/v2\/pages\/4269\/revisions"}],"predecessor-version":[{"id":4287,"href":"https:\/\/tickets.lmc-emden.de\/en\/wp-json\/wp\/v2\/pages\/4269\/revisions\/4287"}],"wp:attachment":[{"href":"https:\/\/tickets.lmc-emden.de\/en\/wp-json\/wp\/v2\/media?parent=4269"}],"curies":[{"name":"wp","href":"https:\/\/api.w.org\/{rel}","templated":true}]}}